{"id":675,"date":"2017-01-13T11:04:16","date_gmt":"2017-01-13T10:04:16","guid":{"rendered":"http:\/\/kondor.com.pl\/de\/jak-dzialamy\/"},"modified":"2017-01-23T10:26:40","modified_gmt":"2017-01-23T09:26:40","slug":"wie-arbeiten-wir","status":"publish","type":"page","link":"https:\/\/kondor.com.pl\/de\/wie-arbeiten-wir\/","title":{"rendered":"Wie arbeiten wir?"},"content":{"rendered":"<p>Unsere Designer entwerfen jede Saison neue, originelle Kollektionen. Beginnend mit der ersten Zeichnung bis zum digitalen Design, jedes kleinste Detail wird ber\u00fccksichtigt um Ihre Erwartungen zu Erf\u00fcllen.<\/p>\n<p>Nach Abschluss aller Arbeiten werden die fertigen Entw\u00fcrfe an unsere Produzenten \u00fcbergeben. Bei lizenzierten Schuhen arbeiten wir ausnahmslos mit certifizierten Fabriken. FAMA und BSCI sind f\u00fcr uns Hauptanforderungen und haben oberste Priorit\u00e4t.<\/p>\n","protected":false},"excerpt":{"rendered":"Unsere Designer entwerfen jede Saison neue, originelle Kollektionen. Beginnend mit der ersten Zeichnung bis zum digitalen Design, jedes kleinste Detail wird ber\u00fccksichtigt um Ihre Erwartungen zu Erf\u00fcllen. Nach Abschluss aller Arbeiten werden die fertigen Entw\u00fcrfe an unsere Produzenten \u00fcbergeben. Bei lizenzierten Schuhen arbeiten wir ausnahmslos mit certifizierten Fabriken. FAMA und BSCI sind f\u00fcr uns Hauptanforderungen&#8230; <a class=\"view-article\" href=\"https:\/\/kondor.com.pl\/de\/wie-arbeiten-wir\/\">Artikel ansehen<\/a>","protected":false},"author":3,"featured_media":609,"parent":0,"menu_order":0,"comment_status":"closed","ping_status":"closed","template":"","meta":{"_acf_changed":false,"footnotes":""},"class_list":["post-675","page","type-page","status-publish","has-post-thumbnail","hentry"],"acf":[],"_links":{"self":[{"href":"https:\/\/kondor.com.pl\/de\/wp-json\/wp\/v2\/pages\/675","targetHints":{"allow":["GET"]}}],"collection":[{"href":"https:\/\/kondor.com.pl\/de\/wp-json\/wp\/v2\/pages"}],"about":[{"href":"https:\/\/kondor.com.pl\/de\/wp-json\/wp\/v2\/types\/page"}],"author":[{"embeddable":true,"href":"https:\/\/kondor.com.pl\/de\/wp-json\/wp\/v2\/users\/3"}],"replies":[{"embeddable":true,"href":"https:\/\/kondor.com.pl\/de\/wp-json\/wp\/v2\/comments?post=675"}],"version-history":[{"count":1,"href":"https:\/\/kondor.com.pl\/de\/wp-json\/wp\/v2\/pages\/675\/revisions"}],"predecessor-version":[{"id":677,"href":"https:\/\/kondor.com.pl\/de\/wp-json\/wp\/v2\/pages\/675\/revisions\/677"}],"wp:featuredmedia":[{"embeddable":true,"href":"https:\/\/kondor.com.pl\/de\/wp-json\/wp\/v2\/media\/609"}],"wp:attachment":[{"href":"https:\/\/kondor.com.pl\/de\/wp-json\/wp\/v2\/media?parent=675"}],"curies":[{"name":"wp","href":"https:\/\/api.w.org\/{rel}","templated":true}]}}