{"id":386,"date":"2016-12-08T15:16:17","date_gmt":"2016-12-08T14:16:17","guid":{"rendered":"http:\/\/kondor.com.pl\/?page_id=386&#038;lang=de"},"modified":"2018-08-09T10:43:47","modified_gmt":"2018-08-09T08:43:47","slug":"uber-uns","status":"publish","type":"page","link":"https:\/\/kondor.com.pl\/de\/uber-uns\/","title":{"rendered":"\u00dcber uns"},"content":{"rendered":"<p>Die Firma Kondor importiert und vertreibt Schuhe seit \u00fcber 25 Jahre. Unsere langj\u00e4hrige Erfahrung und unser Renommee machen uns zu einem anerkannten \u201ePlayer\u201c auf dem Markt. Wir beliefern die gr\u00f6\u00dften Einzelh\u00e4ndler, sowohl in Polen als auch in vielen L\u00e4ndern Europas. Unter jenen die uns Ihr Vertrauen schenken finden Sie Firmen wie Tesco, Carefour, Auchan und Kaufland.<\/p>\n<p>Unser Verkaufsteam besteht aus 25 erfahrenen Mitarbeitern. Zusammen mit unserer Designabteilung sind wir f\u00fcr alle, noch so gro\u00dfen Herausforderungen ger\u00fcstet.<\/p>\n","protected":false},"excerpt":{"rendered":"Die Firma Kondor importiert und vertreibt Schuhe seit \u00fcber 25 Jahre. Unsere langj\u00e4hrige Erfahrung und unser Renommee machen uns zu einem anerkannten \u201ePlayer\u201c auf dem Markt. Wir beliefern die gr\u00f6\u00dften Einzelh\u00e4ndler, sowohl in Polen als auch in vielen L\u00e4ndern Europas. Unter jenen die uns Ihr Vertrauen schenken finden Sie Firmen wie Tesco, Carefour, Auchan und&#8230; <a class=\"view-article\" href=\"https:\/\/kondor.com.pl\/de\/uber-uns\/\">Artikel ansehen<\/a>","protected":false},"author":3,"featured_media":590,"parent":0,"menu_order":0,"comment_status":"closed","ping_status":"closed","template":"","meta":{"_acf_changed":false,"footnotes":""},"class_list":["post-386","page","type-page","status-publish","has-post-thumbnail","hentry"],"acf":[],"_links":{"self":[{"href":"https:\/\/kondor.com.pl\/de\/wp-json\/wp\/v2\/pages\/386","targetHints":{"allow":["GET"]}}],"collection":[{"href":"https:\/\/kondor.com.pl\/de\/wp-json\/wp\/v2\/pages"}],"about":[{"href":"https:\/\/kondor.com.pl\/de\/wp-json\/wp\/v2\/types\/page"}],"author":[{"embeddable":true,"href":"https:\/\/kondor.com.pl\/de\/wp-json\/wp\/v2\/users\/3"}],"replies":[{"embeddable":true,"href":"https:\/\/kondor.com.pl\/de\/wp-json\/wp\/v2\/comments?post=386"}],"version-history":[{"count":9,"href":"https:\/\/kondor.com.pl\/de\/wp-json\/wp\/v2\/pages\/386\/revisions"}],"predecessor-version":[{"id":1118,"href":"https:\/\/kondor.com.pl\/de\/wp-json\/wp\/v2\/pages\/386\/revisions\/1118"}],"wp:featuredmedia":[{"embeddable":true,"href":"https:\/\/kondor.com.pl\/de\/wp-json\/wp\/v2\/media\/590"}],"wp:attachment":[{"href":"https:\/\/kondor.com.pl\/de\/wp-json\/wp\/v2\/media?parent=386"}],"curies":[{"name":"wp","href":"https:\/\/api.w.org\/{rel}","templated":true}]}}